{"id":23259,"date":"2021-07-23T12:37:16","date_gmt":"2021-07-23T10:37:16","guid":{"rendered":"http:\/\/exgdete.cluster028.hosting.ovh.net\/?page_id=23259"},"modified":"2021-07-23T12:37:45","modified_gmt":"2021-07-23T10:37:45","slug":"politica-de-privacidad","status":"publish","type":"page","link":"https:\/\/www.phytocontrol.com\/es\/politica-de-privacidad\/","title":{"rendered":"Pol\u00edtica de privacidad"},"content":{"rendered":"\n<p>El sitio web <a href=\"https:\/\/www.phytocontrol.com\/es\/\">www.phytocontrol.com <\/a>es publicado por la empresa Phytocontrol.<\/p>\n\n\n\n<p>Dado que Phytocontrol se preocupa por respetar las normas relativas a la protecci\u00f3n de datos personales, este sitio se ha desarrollado de conformidad con el Reglamento General de Protecci\u00f3n de Datos n\u00b02016\/679 (en adelante, el \u00abGDPR\u00bb) y la ley conocida como \u00abInformatique et libert\u00e9s\u00bb (Ley de Protecci\u00f3n de Datos) del 6 de enero de 1978 en su \u00faltima versi\u00f3n.<\/p>\n\n\n\n<p>Phytocontrol se compromete a garantizar que sus datos personales se recojan de forma legal, justa y transparente.<\/p>\n\n\n\n<p>1. \u00bfQui\u00e9n es el responsable del tratamiento de sus datos en el sitio web?<\/p>\n\n\n\n<p>El responsable del tratamiento de sus datos personales es Phytocontrol, sociedad an\u00f3nima simplificada inscrita en el Registro Mercantil de N\u00eemes con el n\u00famero 490 024 049 y con domicilio en Parc scientifique Georges Besse II, 180 rue Philippe Maupas, 30035 N\u00eemes.<\/p>\n\n\n\n<p>2. \u00bfQu\u00e9 datos personales se tratan?<\/p>\n\n\n\n<p>Los datos personales tratados son los siguientes:<\/p>\n\n\n\n<ul class=\"wp-block-list\"><li>Datos personales que permiten su identificaci\u00f3n: t\u00edtulo, apellido, nombre, nombre de la empresa, direcci\u00f3n de correo electr\u00f3nico, n\u00famero de tel\u00e9fono.<\/li><\/ul>\n\n\n\n<p>Algunos datos personales son obligatorios (campos marcados con un asterisco). En caso contrario, Phytocontrol no podr\u00e1 prestarle el servicio.<\/p>\n\n\n\n<p>3. \u00bfPor qu\u00e9 se recogen sus datos?<\/p>\n\n\n\n<p>El tratamiento de los datos personales se basa legalmente en la ejecuci\u00f3n de un contrato, en las obligaciones legales que incumben a Phytocontrol, en los intereses leg\u00edtimos de Phytocontrol y, en su caso, en su consentimiento. Si el tratamiento se basa en su consentimiento, tiene derecho a retirarlo en cualquier momento.<\/p>\n\n\n\n<p>Si no desea rellenar los campos marcados con un asterisco, es posible que no pueda acceder a determinados servicios del sitio web y que Phytocontrol no pueda responder a su solicitud.<\/p>\n\n\n\n<p>4. \u00bfQui\u00e9n recibir\u00e1 sus datos?<\/p>\n\n\n\n<p>Los datos personales son tratados, dentro de los l\u00edmites de sus atribuciones, por :<\/p>\n\n\n\n<ul class=\"wp-block-list\"><li>los departamentos de marketing y comunicaci\u00f3n, recursos humanos, log\u00edstica, jur\u00eddico, contabilidad, inform\u00e1tica y relaciones con los clientes de Phytocontrol.<\/li><li>Proveedores de servicios externos encargados de llevar a cabo el tratamiento de los datos personales o en el marco de las misiones de asesoramiento y asistencia de Phytocontrol. En este caso, Phytocontrol vela por que los acuerdos de subcontrataci\u00f3n que le vinculan a sus subcontratistas sean conformes a las disposiciones legales y reglamentarias.<\/li><\/ul>\n\n\n\n<p>5. \u00bfCu\u00e1nto tiempo se conservar\u00e1n sus datos?<\/p>\n\n\n\n<p>Sus datos personales no se conservan m\u00e1s tiempo del necesario para los fines para los que se procesan y luego se eliminan.<\/p>\n\n\n\n<p>Los principales periodos de conservaci\u00f3n son los siguientes:<\/p>\n\n\n\n<figure class=\"wp-block-table\"><table><tbody><tr><td>Objetivos<\/td><td>Vida \u00fatil<\/td><\/tr><tr><td>Prospecci\u00f3n comercial<\/td><td>3 a\u00f1os desde su \u00faltimo contacto<\/td><\/tr><tr><td>Galletas<\/td><td>13 meses<\/td><\/tr><\/tbody><\/table><\/figure>\n\n\n\n<p>6. \u00bfC\u00f3mo funcionan las ofertas espec\u00edficas que recibe?<\/p>\n\n\n\n<p>Se le informa de que Phytocontrol puede ofrecerle ofertas e informaci\u00f3n personalizadas que, en relaci\u00f3n con los productos adquiridos o consultados, deber\u00edan, en nuestra opini\u00f3n, interesarle.<\/p>\n\n\n\n<p>Usted puede oponerse al tratamiento en cualquier momento de acuerdo con el art\u00edculo 7 de esta pol\u00edtica.<\/p>\n\n\n\n<p>7. \u00bfCu\u00e1les son sus derechos?<\/p>\n\n\n\n<p>De acuerdo con la normativa vigente en materia de protecci\u00f3n de datos personales, usted tiene derecho a acceder, rectificar y suprimir sus datos personales, as\u00ed como el derecho a la limitaci\u00f3n y oposici\u00f3n al tratamiento de sus datos, el derecho a la portabilidad de sus datos y el derecho a definir directrices relativas a la conservaci\u00f3n, supresi\u00f3n y comunicaci\u00f3n de sus datos personales despu\u00e9s de su muerte. Puede ejercer sus derechos dirigi\u00e9ndose a<\/p>\n\n\n\n<ul class=\"wp-block-list\"><li>un correo electr\u00f3nico a la siguiente direcci\u00f3n: dpo@phytocontrol.com. Es posible que se le pida una prueba de identidad.<\/li><li>por correo a la siguiente direcci\u00f3n Phytocontrol, Parc scientifique Georges Besse II, 180 rue Philippe Maupas, 30035 N\u00eemes.<\/li><\/ul>\n\n\n\n<p>Se le puede denegar el ejercicio de cualquiera de sus derechos si su solicitud no cumple los requisitos de esta pol\u00edtica o de la normativa vigente. En este caso, se le notificar\u00e1 debidamente.<\/p>\n\n\n\n<p>8. \u00bfC\u00f3mo se garantiza la seguridad y confidencialidad de sus datos?<\/p>\n\n\n\n<p>La confianza de los clientes de Phytocontrol es una prioridad absoluta. Phytocontrol utiliza una empresa de alojamiento especializada que presta servicios a millones de clientes activos, entre ellos empresas, instituciones educativas y organismos p\u00fablicos, en m\u00e1s de 190 pa\u00edses. Entre estos clientes se encuentran proveedores de servicios financieros y sanitarios, as\u00ed como organismos p\u00fablicos, que conf\u00edan parte de su informaci\u00f3n m\u00e1s sensible.<\/p>\n\n\n\n<p>Phytocontrol es consciente de que, para sus clientes, la confidencialidad y seguridad de los datos es primordial. Por eso, con la empresa de alojamiento, Phytocontrol sigue siendo el propietario de sus contenidos y mantiene el control de los mismos gracias a herramientas que permiten determinar d\u00f3nde se almacenar\u00e1n sus contenidos, asegurar sus contenidos en tr\u00e1nsito y en reposo, y gestionar el acceso a los servicios y recursos.<\/p>\n\n\n\n<p>Mantener la confianza de los clientes es un compromiso permanente. Phytocontrol hace todo lo posible para informarle de sus pol\u00edticas de seguridad y privacidad de datos, pr\u00e1cticas y tecnolog\u00edas que Phytocontrol implementa.<\/p>\n","protected":false},"excerpt":{"rendered":"<p>El sitio web www.phytocontrol.com es publicado por la empresa Phytocontrol. Dado que Phytocontrol se preocupa por respetar las normas relativas a la protecci\u00f3n de datos personales,<span class=\"excerpt-hellip\"> [\u2026]<\/span><\/p>\n","protected":false},"author":2,"featured_media":0,"parent":0,"menu_order":0,"comment_status":"closed","ping_status":"closed","template":"","meta":{"_acf_changed":false,"footnotes":""},"yst_prominent_words":[],"class_list":["post-23259","page","type-page","status-publish","hentry"],"acf":[],"_links":{"self":[{"href":"https:\/\/www.phytocontrol.com\/es\/wp-json\/wp\/v2\/pages\/23259","targetHints":{"allow":["GET"]}}],"collection":[{"href":"https:\/\/www.phytocontrol.com\/es\/wp-json\/wp\/v2\/pages"}],"about":[{"href":"https:\/\/www.phytocontrol.com\/es\/wp-json\/wp\/v2\/types\/page"}],"author":[{"embeddable":true,"href":"https:\/\/www.phytocontrol.com\/es\/wp-json\/wp\/v2\/users\/2"}],"replies":[{"embeddable":true,"href":"https:\/\/www.phytocontrol.com\/es\/wp-json\/wp\/v2\/comments?post=23259"}],"version-history":[{"count":0,"href":"https:\/\/www.phytocontrol.com\/es\/wp-json\/wp\/v2\/pages\/23259\/revisions"}],"wp:attachment":[{"href":"https:\/\/www.phytocontrol.com\/es\/wp-json\/wp\/v2\/media?parent=23259"}],"wp:term":[{"taxonomy":"yst_prominent_words","embeddable":true,"href":"https:\/\/www.phytocontrol.com\/es\/wp-json\/wp\/v2\/yst_prominent_words?post=23259"}],"curies":[{"name":"wp","href":"https:\/\/api.w.org\/{rel}","templated":true}]}}