{"id":23261,"date":"2021-07-23T12:38:26","date_gmt":"2021-07-23T10:38:26","guid":{"rendered":"http:\/\/exgdete.cluster028.hosting.ovh.net\/?page_id=23261"},"modified":"2021-07-23T12:38:54","modified_gmt":"2021-07-23T10:38:54","slug":"politica-sulla-privacy","status":"publish","type":"page","link":"https:\/\/www.phytocontrol.com\/it\/politica-sulla-privacy\/","title":{"rendered":"Politica sulla privacy"},"content":{"rendered":"\n<p>Il sito <a href=\"https:\/\/www.phytocontrol.com\/it\/\">www.phytocontrol.com <\/a>\u00e8 pubblicato dalla societ\u00e0 Phytocontrol.<\/p>\n\n\n\n<p>Poich\u00e9 Phytocontrol si preoccupa di rispettare le regole relative alla protezione dei dati personali, questo sito \u00e8 stato sviluppato in conformit\u00e0 con il Regolamento generale sulla protezione dei dati n\u00b02016\/679 (qui di seguito denominato &#8220;GDPR&#8221;) e la legge nota come &#8220;Informatique et libert\u00e9s&#8221; del 6 gennaio 1978 nella sua ultima versione.<\/p>\n\n\n\n<p>Phytocontrol si impegna a garantire che i vostri dati personali siano raccolti in modo legale, equo e trasparente.<\/p>\n\n\n\n<p>1. Chi \u00e8 il responsabile del trattamento dei suoi dati sul sito?<\/p>\n\n\n\n<p>Il responsabile del trattamento dei vostri dati personali \u00e8 Phytocontrol, una societ\u00e0 per azioni semplificata iscritta al registro del commercio e delle societ\u00e0 di N\u00eemes con il numero 490 024 049 e situata al Parc scientifique Georges Besse II, 180 rue Philippe Maupas, 30035 N\u00eemes.<\/p>\n\n\n\n<p>2. Quali dati personali vengono trattati?<\/p>\n\n\n\n<p>I dati personali trattati sono i seguenti:<\/p>\n\n\n\n<ul class=\"wp-block-list\"><li>Dati personali che permettono di identificarla: titolo, cognome, nome, ragione sociale, indirizzo e-mail, numero di telefono.<\/li><\/ul>\n\n\n\n<p>Alcuni dati personali sono obbligatori (campi contrassegnati da un asterisco). In caso contrario, Phytocontrol non sar\u00e0 in grado di fornirvi il servizio.<\/p>\n\n\n\n<p>3. Perch\u00e9 vengono raccolti i tuoi dati?<\/p>\n\n\n\n<p>Il trattamento dei dati personali si basa legalmente sull&#8217;esecuzione di un contratto, sugli obblighi legali che incombono a Phytocontrol, sui legittimi interessi di Phytocontrol e, ove applicabile, sul vostro consenso. Se il trattamento si basa sul vostro consenso, avete il diritto di ritirare il vostro consenso in qualsiasi momento.<\/p>\n\n\n\n<p>Se non vuoi compilare i campi contrassegnati con un asterisco, potresti non essere in grado di accedere a certi servizi del sito e Phytocontrol potrebbe non essere in grado di rispondere alla tua richiesta.<\/p>\n\n\n\n<p>4. Chi ricever\u00e0 i suoi dati?<\/p>\n\n\n\n<p>I dati personali sono trattati, nei limiti delle loro attribuzioni, da :<\/p>\n\n\n\n<ul class=\"wp-block-list\"><li>i dipartimenti di marketing e comunicazione, risorse umane, logistica, legale, contabilit\u00e0, IT e relazioni con i clienti di Phytocontrol.<\/li><li>Fornitori di servizi esterni incaricati di attuare il trattamento dei dati personali o nell&#8217;ambito delle missioni di consulenza e assistenza di Phytocontrol. In questo caso, Phytocontrol si assicura che i contratti di subappalto che la legano ai suoi subappaltatori siano conformi alle disposizioni legali e regolamentari.<\/li><\/ul>\n\n\n\n<p>5. Per quanto tempo saranno conservati i suoi dati?<\/p>\n\n\n\n<p>I suoi dati personali sono conservati per un tempo non superiore a quello necessario per gli scopi per i quali sono trattati e vengono poi cancellati.<\/p>\n\n\n\n<p>I principali periodi di conservazione sono i seguenti:<\/p>\n\n\n\n<figure class=\"wp-block-table\"><table><tbody><tr><td>Obiettivi<\/td><td>Durata di conservazione<\/td><\/tr><tr><td>Prospezione commerciale<\/td><td>3 anni dal suo ultimo contatto<\/td><\/tr><tr><td>Cookie<\/td><td>13 mesi<\/td><\/tr><\/tbody><\/table><\/figure>\n\n\n\n<p>6. Come funzionano le offerte mirate che ricevete?<\/p>\n\n\n\n<p>Si informa che Phytocontrol potr\u00e0 proporle offerte e informazioni personalizzate che, in relazione ai prodotti acquistati o consultati, dovrebbero, a nostro avviso, interessarla.<\/p>\n\n\n\n<p>Lei pu\u00f2 opporsi al trattamento in qualsiasi momento in conformit\u00e0 con l&#8217;articolo 7 della presente politica.<\/p>\n\n\n\n<p>7. Quali sono i vostri diritti?<\/p>\n\n\n\n<p>In conformit\u00e0 con la normativa vigente in materia di protezione dei dati personali, avete il diritto di accesso, rettifica e cancellazione dei vostri dati personali, cos\u00ec come il diritto di limitare e opporsi al trattamento dei vostri dati, il diritto alla portabilit\u00e0 dei vostri dati e il diritto di definire direttive relative alla conservazione, cancellazione e comunicazione dei vostri dati personali dopo la vostra morte. Pu\u00f2 esercitare i suoi diritti contattando<\/p>\n\n\n\n<ul class=\"wp-block-list\"><li>un&#8217;e-mail al seguente indirizzo: dpo@phytocontrol.com. Le potrebbe essere chiesto di fornire un documento d&#8217;identit\u00e0.<\/li><li>per posta al seguente indirizzo Phytocontrol, Parc scientifique Georges Besse II, 180 rue Philippe Maupas, 30035 N\u00eemes.<\/li><\/ul>\n\n\n\n<p>L&#8217;esercizio di uno dei suoi diritti pu\u00f2 essere rifiutato se la sua richiesta non soddisfa i requisiti di questa politica o dei regolamenti in vigore. In questo caso, sarete debitamente informati.<\/p>\n\n\n\n<p>8. Come viene garantita la sicurezza e la riservatezza dei dati?<\/p>\n\n\n\n<p>La fiducia dei clienti di Phytocontrol \u00e8 una priorit\u00e0 assoluta. Phytocontrol utilizza una societ\u00e0 di hosting specializzata che fornisce servizi a milioni di clienti attivi, tra cui aziende, istituzioni educative ed enti pubblici, in pi\u00f9 di 190 paesi. Questi clienti includono fornitori di servizi finanziari e sanitari, cos\u00ec come agenzie governative, che affidano alcune delle loro informazioni pi\u00f9 sensibili.<\/p>\n\n\n\n<p>Phytocontrol \u00e8 consapevole del fatto che, per i suoi clienti, la riservatezza e la sicurezza dei dati \u00e8 fondamentale. Per questo motivo, con la societ\u00e0 di hosting, Phytocontrol rimane il proprietario del tuo contenuto e ne mantiene il controllo grazie a strumenti che permettono di determinare dove il tuo contenuto sar\u00e0 immagazzinato, di proteggere il tuo contenuto in transito e a riposo, e di gestire l&#8217;accesso a servizi e risorse.<\/p>\n\n\n\n<p>Mantenere la fiducia dei clienti \u00e8 un impegno continuo. Phytocontrol compie ogni sforzo per informarvi delle sue politiche di sicurezza dei dati e della privacy, delle pratiche e delle tecnologie che Phytocontrol implementa.<\/p>\n","protected":false},"excerpt":{"rendered":"<p>Il sito www.phytocontrol.com \u00e8 pubblicato dalla societ\u00e0 Phytocontrol. Poich\u00e9 Phytocontrol si preoccupa di rispettare le regole relative alla protezione dei dati personali, questo sito \u00e8 stato<span class=\"excerpt-hellip\"> [\u2026]<\/span><\/p>\n","protected":false},"author":2,"featured_media":0,"parent":0,"menu_order":0,"comment_status":"closed","ping_status":"closed","template":"","meta":{"_acf_changed":false,"footnotes":""},"yst_prominent_words":[],"class_list":["post-23261","page","type-page","status-publish","hentry"],"acf":[],"_links":{"self":[{"href":"https:\/\/www.phytocontrol.com\/it\/wp-json\/wp\/v2\/pages\/23261","targetHints":{"allow":["GET"]}}],"collection":[{"href":"https:\/\/www.phytocontrol.com\/it\/wp-json\/wp\/v2\/pages"}],"about":[{"href":"https:\/\/www.phytocontrol.com\/it\/wp-json\/wp\/v2\/types\/page"}],"author":[{"embeddable":true,"href":"https:\/\/www.phytocontrol.com\/it\/wp-json\/wp\/v2\/users\/2"}],"replies":[{"embeddable":true,"href":"https:\/\/www.phytocontrol.com\/it\/wp-json\/wp\/v2\/comments?post=23261"}],"version-history":[{"count":0,"href":"https:\/\/www.phytocontrol.com\/it\/wp-json\/wp\/v2\/pages\/23261\/revisions"}],"wp:attachment":[{"href":"https:\/\/www.phytocontrol.com\/it\/wp-json\/wp\/v2\/media?parent=23261"}],"wp:term":[{"taxonomy":"yst_prominent_words","embeddable":true,"href":"https:\/\/www.phytocontrol.com\/it\/wp-json\/wp\/v2\/yst_prominent_words?post=23261"}],"curies":[{"name":"wp","href":"https:\/\/api.w.org\/{rel}","templated":true}]}}